{"id":769,"date":"2024-11-16T05:06:33","date_gmt":"2024-11-16T05:06:33","guid":{"rendered":"https:\/\/eucom.rs\/?page_id=769"},"modified":"2026-01-19T10:03:12","modified_gmt":"2026-01-19T10:03:12","slug":"pp-veziva-i-vlakna","status":"publish","type":"page","link":"https:\/\/eucom.rs\/ro\/lianti-si-fibre-pp\/","title":{"rendered":"LIAN\u021aI \u0218I FIBRE PP"},"content":{"rendered":"\t<div id=\"gap-897133346\" class=\"gap-element clearfix\" style=\"display:block; height:auto;\">\n\t\t\n<style>\n#gap-897133346 {\n  padding-top: 30px;\n}\n<\/style>\n\t<\/div>\n\t\n<div class=\"container section-title-container\" ><h2 class=\"section-title section-title-center\"><b aria-hidden=\"true\"><\/b><span class=\"section-title-main\" >PP LEG\u0102TURI \u0218I FIBRE<\/span><b aria-hidden=\"true\"><\/b><\/h2><\/div>\n<div class=\"row\"  id=\"row-1655306087\">\n\n\t<div id=\"col-924139972\" class=\"col small-12 large-12\"  >\n\t\t\t\t<div class=\"col-inner\"  >\n\t\t\t\n\t\t\t\n<p>EUCOM doo Belgrad, cu unitatea de produc\u021bie \u00een Leskovac, este lider balcanic \u00een produc\u021bia de leg\u0103turi din polipropilen\u0103 de \u00eenalt\u0103 calitate. Politica companiei se bazeaz\u0103 pe calitatea \u00eenalt\u0103 a produselor, care este asigurat\u0103 prin utilizarea celor mai bune materii prime \u0219i a celor mai moderne ma\u0219ini \u00een produc\u021bie. \u00cen acela\u0219i timp, aceasta permite producerea de leg\u0103turi variate dup\u0103 culoare, grosime \u0219i design, adaptate diferitelor nevoi ale clien\u021bilor.<\/p>\n<p>Calitatea produselor noastre respect\u0103 cele mai \u00eenalte standarde \u0219i asigur\u0103 plasarea la cei mai exigen\u021bi clien\u021bi de pe pia\u021ba european\u0103. Ast\u0103zi, compania export\u0103 zilnic \u00een 21 de \u021b\u0103ri \u0219i colaboreaz\u0103 \u00een mod regulat cu peste 150 de clien\u021bi mul\u021bumi\u021bi. Peste 100 de angaja\u021bi din unitatea de produc\u021bie se asigur\u0103 c\u0103 produc\u021bia noastr\u0103 dep\u0103\u0219e\u0219te 6.000 de tone de leg\u0103turi pe an.<\/p>\n<p>Eucom \u0219i-a extins activitatea \u00een sectorul produc\u021biei \u0219i \u00een prezent putem oferi urm\u0103toarele tipuri de produse:<\/p>\n<ul>\n<li>Ambalaje de transport,<\/li>\n<li>Folie LDPE \u0219i HDPE pentru diverse scopuri,<\/li>\n<li>Leg\u0103turi din polipropilen\u0103, fr\u00e2nghii \u0219i fibre,<\/li>\n<li>Toate tipurile de saci, pungi \u0219i gen\u021bi pentru diverse scopuri, dimensiuni, culori \u0219i tipar.<\/li>\n<\/ul>\n<p>Pentru informa\u021bii mai detaliate, pute\u021bi desc\u0103rca cataloagele.<\/p>\n\t\t<\/div>\n\t\t\t\t\t<\/div>\n\n\t\n<\/div>\n<div class=\"row\"  id=\"row-338404497\">\n\n\t<div id=\"col-2022510598\" class=\"col small-12 large-12\"  >\n\t\t\t\t<div class=\"col-inner\"  >\n\t\t\t\n\t\t\t\n<div id=\"portfolio-1962075928\" class=\"portfolio-element-wrapper has-filtering\">\n  \n    <div id=\"portfolio-1962075928\" class=\"row large-columns-5 medium-columns-3 small-columns-2 row-small has-shadow row-box-shadow-1 row-box-shadow-1-hover row-masonry\" data-packery-options='{\"itemSelector\": \".col\", \"gutter\": 0, \"presentageWidth\" : true}'>\n\n    <div class=\"col\" data-terms=\"\" >\n          <div class=\"col-inner\" >\n          <a href=\"https:\/\/eucom.rs\/ro\/featured_item\/pp-rafie\/\" class=\"plain \">\n          <div class=\"portfolio-box box has-hover\">\n            <div class=\"box-image\" >\n                <div class=\"image-cover\" style=\"padding-top:100%;\">\n                <img loading=\"lazy\" decoding=\"async\" width=\"599\" height=\"400\" src=\"https:\/\/eucom.rs\/wp-content\/uploads\/2024\/11\/PP_RAFIJA-599x400.webp\" class=\"attachment-medium size-medium\" alt=\"\" srcset=\"https:\/\/eucom.rs\/wp-content\/uploads\/2024\/11\/PP_RAFIJA-599x400.webp 599w, https:\/\/eucom.rs\/wp-content\/uploads\/2024\/11\/PP_RAFIJA-768x513.webp 768w, https:\/\/eucom.rs\/wp-content\/uploads\/2024\/11\/PP_RAFIJA-600x401.webp 600w, https:\/\/eucom.rs\/wp-content\/uploads\/2024\/11\/PP_RAFIJA.webp 800w\" sizes=\"auto, (max-width: 599px) 100vw, 599px\" \/>                                                <\/div>\n            <\/div>\n            <div class=\"box-text text-center is-large\" >\n                  <div class=\"box-text-inner\">\n                      <h6 class=\"uppercase portfolio-box-title\">PP Rafie<\/h6>\n                      <p class=\"uppercase portfolio-box-category is-xsmall op-6\">\n                        <span class=\"show-on-hover\">\n                                                 <\/span>\n                      <\/p>\n                  <\/div>\n            <\/div>\n           <\/div>\n           <\/a>\n           <\/div>\n           <\/div><div class=\"col\" data-terms=\"\" >\n          <div class=\"col-inner\" >\n          <a href=\"https:\/\/eucom.rs\/ro\/featured_item\/vezivo-pp-pentru-ambalare\/\" class=\"plain \">\n          <div class=\"portfolio-box box has-hover\">\n            <div class=\"box-image\" >\n                <div class=\"image-cover\" style=\"padding-top:100%;\">\n                <img loading=\"lazy\" decoding=\"async\" width=\"599\" height=\"400\" src=\"https:\/\/eucom.rs\/wp-content\/uploads\/2024\/11\/PP-Vezivo-za-pakovanje-599x400.webp\" class=\"attachment-medium size-medium\" alt=\"\" srcset=\"https:\/\/eucom.rs\/wp-content\/uploads\/2024\/11\/PP-Vezivo-za-pakovanje-599x400.webp 599w, https:\/\/eucom.rs\/wp-content\/uploads\/2024\/11\/PP-Vezivo-za-pakovanje-768x513.webp 768w, https:\/\/eucom.rs\/wp-content\/uploads\/2024\/11\/PP-Vezivo-za-pakovanje-600x401.webp 600w, https:\/\/eucom.rs\/wp-content\/uploads\/2024\/11\/PP-Vezivo-za-pakovanje.webp 800w\" sizes=\"auto, (max-width: 599px) 100vw, 599px\" \/>                                                <\/div>\n            <\/div>\n            <div class=\"box-text text-center is-large\" >\n                  <div class=\"box-text-inner\">\n                      <h6 class=\"uppercase portfolio-box-title\">Vezivo PP pentru ambalare<\/h6>\n                      <p class=\"uppercase portfolio-box-category is-xsmall op-6\">\n                        <span class=\"show-on-hover\">\n                                                 <\/span>\n                      <\/p>\n                  <\/div>\n            <\/div>\n           <\/div>\n           <\/a>\n           <\/div>\n           <\/div><div class=\"col\" data-terms=\"\" >\n          <div class=\"col-inner\" >\n          <a href=\"https:\/\/eucom.rs\/ro\/featured_item\/fibra-pp\/\" class=\"plain \">\n          <div class=\"portfolio-box box has-hover\">\n            <div class=\"box-image\" >\n                <div class=\"image-cover\" style=\"padding-top:100%;\">\n                <img loading=\"lazy\" decoding=\"async\" width=\"599\" height=\"400\" src=\"https:\/\/eucom.rs\/wp-content\/uploads\/2024\/11\/PP_Vlakna-599x400.webp\" class=\"attachment-medium size-medium\" alt=\"\" srcset=\"https:\/\/eucom.rs\/wp-content\/uploads\/2024\/11\/PP_Vlakna-599x400.webp 599w, https:\/\/eucom.rs\/wp-content\/uploads\/2024\/11\/PP_Vlakna-768x513.webp 768w, https:\/\/eucom.rs\/wp-content\/uploads\/2024\/11\/PP_Vlakna-600x401.webp 600w, https:\/\/eucom.rs\/wp-content\/uploads\/2024\/11\/PP_Vlakna.webp 800w\" sizes=\"auto, (max-width: 599px) 100vw, 599px\" \/>                                                <\/div>\n            <\/div>\n            <div class=\"box-text text-center is-large\" >\n                  <div class=\"box-text-inner\">\n                      <h6 class=\"uppercase portfolio-box-title\">Fibra PP<\/h6>\n                      <p class=\"uppercase portfolio-box-category is-xsmall op-6\">\n                        <span class=\"show-on-hover\">\n                                                 <\/span>\n                      <\/p>\n                  <\/div>\n            <\/div>\n           <\/div>\n           <\/a>\n           <\/div>\n           <\/div><div class=\"col\" data-terms=\"\" >\n          <div class=\"col-inner\" >\n          <a href=\"https:\/\/eucom.rs\/ro\/featured_item\/sfori-pp\/\" class=\"plain \">\n          <div class=\"portfolio-box box has-hover\">\n            <div class=\"box-image\" >\n                <div class=\"image-cover\" style=\"padding-top:100%;\">\n                <img loading=\"lazy\" decoding=\"async\" width=\"627\" height=\"400\" src=\"https:\/\/eucom.rs\/wp-content\/uploads\/2024\/11\/Kanapi-00001-627x400.jpg\" class=\"attachment-medium size-medium\" alt=\"\" srcset=\"https:\/\/eucom.rs\/wp-content\/uploads\/2024\/11\/Kanapi-00001-627x400.jpg 627w, https:\/\/eucom.rs\/wp-content\/uploads\/2024\/11\/Kanapi-00001-768x490.jpg 768w, https:\/\/eucom.rs\/wp-content\/uploads\/2024\/11\/Kanapi-00001-600x383.jpg 600w, https:\/\/eucom.rs\/wp-content\/uploads\/2024\/11\/Kanapi-00001.jpg 800w\" sizes=\"auto, (max-width: 627px) 100vw, 627px\" \/>                                                <\/div>\n            <\/div>\n            <div class=\"box-text text-center is-large\" >\n                  <div class=\"box-text-inner\">\n                      <h6 class=\"uppercase portfolio-box-title\">Sfori PP<\/h6>\n                      <p class=\"uppercase portfolio-box-category is-xsmall op-6\">\n                        <span class=\"show-on-hover\">\n                                                 <\/span>\n                      <\/p>\n                  <\/div>\n            <\/div>\n           <\/div>\n           <\/a>\n           <\/div>\n           <\/div><div class=\"col\" data-terms=\"\" >\n          <div class=\"col-inner\" >\n          <a href=\"https:\/\/eucom.rs\/ro\/featured_item\/legatura-pp-pentru-balotare\/\" class=\"plain \">\n          <div class=\"portfolio-box box has-hover\">\n            <div class=\"box-image\" >\n                <div class=\"image-cover\" style=\"padding-top:100%;\">\n                <img loading=\"lazy\" decoding=\"async\" width=\"400\" height=\"400\" src=\"https:\/\/eucom.rs\/wp-content\/uploads\/2024\/11\/PP_VEZIVA1-400x400.webp\" class=\"attachment-medium size-medium\" alt=\"\" srcset=\"https:\/\/eucom.rs\/wp-content\/uploads\/2024\/11\/PP_VEZIVA1-400x400.webp 400w, https:\/\/eucom.rs\/wp-content\/uploads\/2024\/11\/PP_VEZIVA1-280x280.webp 280w, https:\/\/eucom.rs\/wp-content\/uploads\/2024\/11\/PP_VEZIVA1-768x768.webp 768w, https:\/\/eucom.rs\/wp-content\/uploads\/2024\/11\/PP_VEZIVA1-300x300.webp 300w, https:\/\/eucom.rs\/wp-content\/uploads\/2024\/11\/PP_VEZIVA1-600x600.webp 600w, https:\/\/eucom.rs\/wp-content\/uploads\/2024\/11\/PP_VEZIVA1-100x100.webp 100w, https:\/\/eucom.rs\/wp-content\/uploads\/2024\/11\/PP_VEZIVA1.webp 800w\" sizes=\"auto, (max-width: 400px) 100vw, 400px\" \/>                                                <\/div>\n            <\/div>\n            <div class=\"box-text text-center is-large\" >\n                  <div class=\"box-text-inner\">\n                      <h6 class=\"uppercase portfolio-box-title\">Leg\u0103tur\u0103 PP pentru balotare<\/h6>\n                      <p class=\"uppercase portfolio-box-category is-xsmall op-6\">\n                        <span class=\"show-on-hover\">\n                                                 <\/span>\n                      <\/p>\n                  <\/div>\n            <\/div>\n           <\/div>\n           <\/a>\n           <\/div>\n           <\/div><\/div><\/div>\n\t\t<\/div>\n\t\t\t\t\t<\/div>\n\n\t\n<\/div>\n","protected":false},"excerpt":{"rendered":"<p>Cel mai utilizat liant polipropilenic realizat din folie fibrilat\u0103 de culoare albastr\u0103, cu o gam\u0103 larg\u0103 de grosimi, destinat pentru balotarea trifoiului, f\u00e2nului, paielor \u0219i silozului de iarb\u0103, cu urm\u0103toarele avantaje: adaptat pentru toate tipurile de ma\u0219ini de balotat. rezisten\u021b\u0103 excelent\u0103 la rupere \u0219i \u00eentindere moale\u021bea liantului ghidaj excelent prin ghidaje stabilizare UV suprafa\u021b\u0103 neted\u0103 [&#8230;]\n","protected":false},"author":1,"featured_media":0,"parent":0,"menu_order":0,"comment_status":"closed","ping_status":"closed","template":"page-blank.php","meta":{"footnotes":""},"class_list":["post-769","page","type-page","status-publish","hentry"],"_links":{"self":[{"href":"https:\/\/eucom.rs\/ro\/wp-json\/wp\/v2\/pages\/769","targetHints":{"allow":["GET"]}}],"collection":[{"href":"https:\/\/eucom.rs\/ro\/wp-json\/wp\/v2\/pages"}],"about":[{"href":"https:\/\/eucom.rs\/ro\/wp-json\/wp\/v2\/types\/page"}],"author":[{"embeddable":true,"href":"https:\/\/eucom.rs\/ro\/wp-json\/wp\/v2\/users\/1"}],"replies":[{"embeddable":true,"href":"https:\/\/eucom.rs\/ro\/wp-json\/wp\/v2\/comments?post=769"}],"version-history":[{"count":18,"href":"https:\/\/eucom.rs\/ro\/wp-json\/wp\/v2\/pages\/769\/revisions"}],"predecessor-version":[{"id":1332,"href":"https:\/\/eucom.rs\/ro\/wp-json\/wp\/v2\/pages\/769\/revisions\/1332"}],"wp:attachment":[{"href":"https:\/\/eucom.rs\/ro\/wp-json\/wp\/v2\/media?parent=769"}],"curies":[{"name":"wp","href":"https:\/\/api.w.org\/{rel}","templated":true}]}}